{"id":1122,"date":"2024-10-09T07:22:06","date_gmt":"2024-10-09T07:22:06","guid":{"rendered":"https:\/\/techstartup-zenix.keystonedemo.com\/?page_id=1122"},"modified":"2025-07-25T06:38:33","modified_gmt":"2025-07-25T06:38:33","slug":"kontakt","status":"publish","type":"page","link":"https:\/\/winteh.si\/hr\/kontakt\/","title":{"rendered":"Kontakt"},"content":{"rendered":"<div data-elementor-type=\"wp-page\" data-elementor-id=\"1122\" class=\"elementor elementor-1122\">\n\t\t\t\t<div class=\"elementor-element elementor-element-20e1fc1 e-flex e-con-boxed e-con e-parent\" data-id=\"20e1fc1\" data-element_type=\"container\" data-settings=\"{&quot;background_background&quot;:&quot;gradient&quot;,&quot;wdb_enable_cursor_hover_effect_text&quot;:&quot;View&quot;}\">\n\t\t\t\t\t<div class=\"e-con-inner\">\n\t\t<div class=\"elementor-element elementor-element-e8d7be7 e-con-full e-flex e-con e-child\" data-id=\"e8d7be7\" data-element_type=\"container\" data-settings=\"{&quot;wdb_enable_cursor_hover_effect_text&quot;:&quot;View&quot;}\">\n\t\t\t\t<div class=\"elementor-element elementor-element-90cf5a5 elementor-widget-mobile__width-initial elementor-widget elementor-widget-heading\" data-id=\"90cf5a5\" data-element_type=\"widget\" data-widget_type=\"heading.default\">\n\t\t\t\t\t<h2 class=\"elementor-heading-title elementor-size-default\">Uspostavite kontakt s nama<\/h2>\t\t\t\t<\/div>\n\t\t\t\t<div class=\"elementor-element elementor-element-888a529 elementor-widget__width-initial elementor-widget elementor-widget-text-editor\" data-id=\"888a529\" data-element_type=\"widget\" data-widget_type=\"text-editor.default\">\n\t\t\t\t\t\t\t\t\t<p>Za dodatne informacije ili pitanja kontaktirajte nas putem donjih opcija.\nNa\u0161 tim  \u0107e vam brzo i profesionalno odgovoriti.<\/p>\t\t\t\t\t\t\t\t<\/div>\n\t\t\t\t<\/div>\n\t\t<div class=\"elementor-element elementor-element-e807e4b e-con-full e-flex e-con e-child\" data-id=\"e807e4b\" data-element_type=\"container\" data-settings=\"{&quot;wdb_enable_cursor_hover_effect_text&quot;:&quot;View&quot;,&quot;background_background&quot;:&quot;classic&quot;}\">\n\t\t<div class=\"elementor-element elementor-element-b5daa0c e-con-full e-flex e-con e-child\" data-id=\"b5daa0c\" data-element_type=\"container\" data-settings=\"{&quot;wdb_enable_cursor_hover_effect_text&quot;:&quot;View&quot;}\">\n\t\t<div class=\"elementor-element elementor-element-31c112d e-con-full e-flex e-con e-child\" data-id=\"31c112d\" data-element_type=\"container\" data-settings=\"{&quot;wdb_enable_cursor_hover_effect_text&quot;:&quot;View&quot;}\">\n\t\t<div class=\"elementor-element elementor-element-d09aaca e-con-full e-flex e-con e-child\" data-id=\"d09aaca\" data-element_type=\"container\" data-settings=\"{&quot;wdb_enable_cursor_hover_effect_text&quot;:&quot;View&quot;}\">\n\t\t<div class=\"elementor-element elementor-element-2edc859 e-con-full e-flex e-con e-child\" data-id=\"2edc859\" data-element_type=\"container\" data-settings=\"{&quot;wdb_enable_cursor_hover_effect_text&quot;:&quot;View&quot;}\">\n\t\t\t\t<div class=\"elementor-element elementor-element-53d491c elementor-widget__width-initial elementor-widget elementor-widget-heading\" data-id=\"53d491c\" data-element_type=\"widget\" data-widget_type=\"heading.default\">\n\t\t\t\t\t<h2 class=\"elementor-heading-title elementor-size-default\">Kako vam mo\u017eemo pomo\u0107i?<\/h2>\t\t\t\t<\/div>\n\t\t\t\t<div class=\"elementor-element elementor-element-2e4f44b elementor-widget-mobile__width-inherit elementor-widget elementor-widget-text-editor\" data-id=\"2e4f44b\" data-element_type=\"widget\" data-widget_type=\"text-editor.default\">\n\t\t\t\t\t\t\t\t\t<p>Imate pitanje ili \u017eelite dodatne informacije?\nIspunite obrazac i rado \u0107emo vam odgovoriti.<\/p>\t\t\t\t\t\t\t\t<\/div>\n\t\t\t\t<\/div>\n\t\t\t\t<\/div>\n\t\t<div class=\"elementor-element elementor-element-3b54e4c e-con-full e-flex e-con e-child\" data-id=\"3b54e4c\" data-element_type=\"container\" data-settings=\"{&quot;wdb_enable_cursor_hover_effect_text&quot;:&quot;View&quot;}\">\n\t\t\t\t<div class=\"elementor-element elementor-element-eb78935 elementor-widget__width-initial icon-position-before elementor-widget elementor-widget-wdb--contact-form-7\" data-id=\"eb78935\" data-element_type=\"widget\" data-widget_type=\"wdb--contact-form-7.default\">\n\t\t\t\t<div class=\"elementor-widget-container\">\n\t\t\t\t\t\t\t<div class=\"wdb--form-wrapper\" btn-hover=\"btn-hover-none\" >\r\n\t\t\t\n<div class=\"wpcf7 no-js\" id=\"wpcf7-f4791-o1\" lang=\"en-US\" dir=\"ltr\" data-wpcf7-id=\"4791\">\n<div class=\"screen-reader-response\"><p role=\"status\" aria-live=\"polite\" aria-atomic=\"true\"><\/p> <ul><\/ul><\/div>\n<form action=\"\/hr\/wp-json\/wp\/v2\/pages\/1122#wpcf7-f4791-o1\" method=\"post\" class=\"wpcf7-form init\" aria-label=\"Contact form\" novalidate=\"novalidate\" data-status=\"init\" data-trp-original-action=\"\/hr\/wp-json\/wp\/v2\/pages\/1122#wpcf7-f4791-o1\">\n<div style=\"display: none;\">\n<input type=\"hidden\" name=\"_wpcf7\" value=\"4791\" \/>\n<input type=\"hidden\" name=\"_wpcf7_version\" value=\"6.0.6\" \/>\n<input type=\"hidden\" name=\"_wpcf7_locale\" value=\"en_US\" \/>\n<input type=\"hidden\" name=\"_wpcf7_unit_tag\" value=\"wpcf7-f4791-o1\" \/>\n<input type=\"hidden\" name=\"_wpcf7_container_post\" value=\"0\" \/>\n<input type=\"hidden\" name=\"_wpcf7_posted_data_hash\" value=\"\" \/>\n<\/div>\n<p><label> Va\u0161e ime<br \/>\n<span class=\"wpcf7-form-control-wrap\" data-name=\"your-name\"><input size=\"40\" maxlength=\"400\" class=\"wpcf7-form-control wpcf7-text wpcf7-validates-as-required\" autocomplete=\"name\" aria-required=\"true\" aria-invalid=\"false\" value=\"\" type=\"text\" name=\"your-name\" \/><\/span> <\/label>\n<\/p>\n<p><label> Va\u0161a e-mail adresa<br \/>\n<span class=\"wpcf7-form-control-wrap\" data-name=\"your-email\"><input size=\"40\" maxlength=\"400\" class=\"wpcf7-form-control wpcf7-email wpcf7-validates-as-required wpcf7-text wpcf7-validates-as-email\" autocomplete=\"email\" aria-required=\"true\" aria-invalid=\"false\" value=\"\" type=\"email\" name=\"your-email\" \/><\/span> <\/label>\n<\/p>\n<p><label> Predmet<br \/>\n<span class=\"wpcf7-form-control-wrap\" data-name=\"your-subject\"><input size=\"40\" maxlength=\"400\" class=\"wpcf7-form-control wpcf7-text wpcf7-validates-as-required\" aria-required=\"true\" aria-invalid=\"false\" value=\"\" type=\"text\" name=\"your-subject\" \/><\/span> <\/label>\n<\/p>\n<p><label> Va\u0161a poruka (neobavezno)<br \/>\n<span class=\"wpcf7-form-control-wrap\" data-name=\"your-message\"><textarea cols=\"40\" rows=\"10\" maxlength=\"2000\" class=\"wpcf7-form-control wpcf7-textarea\" aria-invalid=\"false\" name=\"your-message\"><\/textarea><\/span> <\/label>\n<\/p>\n<p><span id=\"wpcf7-69eaa5132fb7f-wrapper\" class=\"wpcf7-form-control-wrap honeypot-944-wrap\" style=\"display:none !important; visibility:hidden !important;\"><input type=\"hidden\" name=\"honeypot-944-time-start\" value=\"1776985363\"><input type=\"hidden\" name=\"honeypot-944-time-check\" value=\"3\"><label for=\"wpcf7-69eaa5132fb7f-field\" class=\"hp-message\">Please leave this field empty.<\/label><input id=\"wpcf7-69eaa5132fb7f-field\"  class=\"wpcf7-form-control wpcf7-text\" type=\"text\" name=\"honeypot-944\" value=\"\" size=\"40\" tabindex=\"-1\" autocomplete=\"new-password\" \/><\/span>\n<\/p>\n<p><input class=\"wpcf7-form-control wpcf7-submit has-spinner\" type=\"submit\" value=\"Po\u0161alji\" \/>\n<\/p><div class=\"wpcf7-response-output\" aria-hidden=\"true\"><\/div>\n<input type=\"hidden\" name=\"trp-form-language\" value=\"hr\"\/><\/form>\n<\/div>\n            <div class=\"btn-icon elementor-screen-only\">\r\n\t                        <\/div>\r\n\t\t<\/div>\r\n\r\n\t\t\t\t\t\t<\/div>\n\t\t\t\t<\/div>\n\t\t\t\t<\/div>\n\t\t\t\t<\/div>\n\t\t<div class=\"elementor-element elementor-element-ab1b5b0 e-con-full e-flex e-con e-child\" data-id=\"ab1b5b0\" data-element_type=\"container\" data-settings=\"{&quot;background_background&quot;:&quot;classic&quot;,&quot;wdb_enable_cursor_hover_effect_text&quot;:&quot;View&quot;}\">\n\t\t\t\t<div class=\"elementor-element elementor-element-2fd3b8f elementor-widget elementor-widget-image\" data-id=\"2fd3b8f\" data-element_type=\"widget\" data-widget_type=\"image.default\">\n\t\t\t\t\t\t\t\t\t\t\t\t\t\t\t<img fetchpriority=\"high\" decoding=\"async\" width=\"746\" height=\"721\" src=\"https:\/\/winteh.si\/wp-content\/uploads\/2025\/06\/kontakt.svg\" class=\"attachment-full size-full wp-image-5009\" alt=\"\" \/>\t\t\t\t\t\t\t\t\t\t\t\t\t\t\t<\/div>\n\t\t\t\t<\/div>\n\t\t\t\t<\/div>\n\t\t\t\t<\/div>\n\t\t\t\t\t<\/div>\n\t\t\t\t<\/div>\n\t\t<div class=\"elementor-element elementor-element-a3b6a9f e-flex e-con-boxed e-con e-parent\" data-id=\"a3b6a9f\" data-element_type=\"container\" data-settings=\"{&quot;background_background&quot;:&quot;classic&quot;,&quot;wdb_enable_cursor_hover_effect_text&quot;:&quot;View&quot;}\">\n\t\t\t\t\t<div class=\"e-con-inner\">\n\t\t<div class=\"elementor-element elementor-element-4714ad6 e-con-full e-grid e-con e-child\" data-id=\"4714ad6\" data-element_type=\"container\" data-settings=\"{&quot;wdb_enable_cursor_hover_effect_text&quot;:&quot;View&quot;}\">\n\t\t<div class=\"elementor-element elementor-element-17acabb e-con-full e-flex e-con e-child\" data-id=\"17acabb\" data-element_type=\"container\" data-settings=\"{&quot;wdb_enable_cursor_hover_effect_text&quot;:&quot;View&quot;}\">\n\t\t\t\t<div class=\"elementor-element elementor-element-b781aab elementor-position-top elementor-position-top elementor-widget elementor-widget-image-box\" data-id=\"b781aab\" data-element_type=\"widget\" data-widget_type=\"image-box.default\">\n\t\t\t\t\t<div class=\"elementor-image-box-wrapper\"><figure class=\"elementor-image-box-img\"><img decoding=\"async\" width=\"806\" height=\"698\" src=\"https:\/\/winteh.si\/wp-content\/uploads\/2025\/06\/undraw_connecting-teams_nnjy-1.svg\" class=\"attachment-full size-full wp-image-5087\" alt=\"\" \/><\/figure><div class=\"elementor-image-box-content\"><h3 class=\"elementor-image-box-title\">Hitro uvajanje<\/h3><p class=\"elementor-image-box-description\">Ne glede na to, ali gre za spletno trgovino, HR sistem, LMS ali SaaS \u2013 na\u0161e re\u0161itve se hitro prilagodijo va\u0161im procesom in omogo\u010dajo enostaven za\u010detek.\n\n<\/p><\/div><\/div>\t\t\t\t<\/div>\n\t\t\t\t<\/div>\n\t\t<div class=\"elementor-element elementor-element-26f4478 e-con-full e-flex e-con e-child\" data-id=\"26f4478\" data-element_type=\"container\" data-settings=\"{&quot;wdb_enable_cursor_hover_effect_text&quot;:&quot;View&quot;}\">\n\t\t\t\t<div class=\"elementor-element elementor-element-081b791 elementor-position-top elementor-widget__width-initial elementor-position-top elementor-widget elementor-widget-image-box\" data-id=\"081b791\" data-element_type=\"widget\" data-widget_type=\"image-box.default\">\n\t\t\t\t\t<div class=\"elementor-image-box-wrapper\"><figure class=\"elementor-image-box-img\"><img decoding=\"async\" width=\"703\" height=\"573\" src=\"https:\/\/winteh.si\/wp-content\/uploads\/2025\/06\/undraw_envelope_hem0.svg\" class=\"attachment-full size-full wp-image-5082\" alt=\"\" \/><\/figure><div class=\"elementor-image-box-content\"><h3 class=\"elementor-image-box-title\">Stru\u010dna podr\u0161ka<\/h3><p class=\"elementor-image-box-description\">Svetujemo, pomagamo pri vzpostavitvi in ostajamo z vami tudi po zagonu. Vedno imate podporo, ko jo potrebujete.\n\n\n<\/p><\/div><\/div>\t\t\t\t<\/div>\n\t\t\t\t<\/div>\n\t\t<div class=\"elementor-element elementor-element-b6a6959 e-con-full e-flex e-con e-child\" data-id=\"b6a6959\" data-element_type=\"container\" data-settings=\"{&quot;wdb_enable_cursor_hover_effect_text&quot;:&quot;View&quot;}\">\n\t\t\t\t<div class=\"elementor-element elementor-element-981f2e7 elementor-position-top elementor-widget__width-initial elementor-position-top elementor-widget elementor-widget-image-box\" data-id=\"981f2e7\" data-element_type=\"widget\" data-widget_type=\"image-box.default\">\n\t\t\t\t\t<div class=\"elementor-image-box-wrapper\"><figure class=\"elementor-image-box-img\"><img loading=\"lazy\" decoding=\"async\" width=\"581\" height=\"526\" src=\"https:\/\/winteh.si\/wp-content\/uploads\/2025\/06\/undraw_os-upgrade_d200.svg\" class=\"attachment-full size-full wp-image-5088\" alt=\"\" \/><\/figure><div class=\"elementor-image-box-content\"><h3 class=\"elementor-image-box-title\">Pametne nadgradnje<\/h3><p class=\"elementor-image-box-description\">Na\u0161e re\u0161itve se razvijajo z va\u0161im podjetjem \u2013 z rednimi nadgradnjami in novimi funkcionalnostmi ostanete pripravljeni na prihodnost.\n\n<\/p><\/div><\/div>\t\t\t\t<\/div>\n\t\t\t\t<\/div>\n\t\t\t\t<\/div>\n\t\t\t\t\t<\/div>\n\t\t\t\t<\/div>\n\t\t\t\t<\/div>","protected":false},"excerpt":{"rendered":"<p>Vzpostavite stik z nami Za dodatne informacije ali vpra\u0161anja nas kontaktirajte preko spodnjih mo\u017enosti. Na\u0161a ekipa vam bo hitro in strokovno odgovorila. Kako vam lahko pomagamo? Imate vpra\u0161anje ali \u017eelite dodatne informacije? Izpolnite obrazec in z veseljem vam bomo odgovorili. Va\u0161e ime Va\u0161 elektronski naslov Zadeva Va\u0161e sporo\u010dilo (opcijsko) Hitro uvajanje Ne glede na to, [&hellip;]<\/p>","protected":false},"author":1,"featured_media":0,"parent":0,"menu_order":0,"comment_status":"closed","ping_status":"closed","template":"elementor_header_footer","meta":{"inline_featured_image":false,"footnotes":""},"class_list":["post-1122","page","type-page","status-publish","hentry"],"_links":{"self":[{"href":"https:\/\/winteh.si\/hr\/wp-json\/wp\/v2\/pages\/1122","targetHints":{"allow":["GET"]}}],"collection":[{"href":"https:\/\/winteh.si\/hr\/wp-json\/wp\/v2\/pages"}],"about":[{"href":"https:\/\/winteh.si\/hr\/wp-json\/wp\/v2\/types\/page"}],"author":[{"embeddable":true,"href":"https:\/\/winteh.si\/hr\/wp-json\/wp\/v2\/users\/1"}],"replies":[{"embeddable":true,"href":"https:\/\/winteh.si\/hr\/wp-json\/wp\/v2\/comments?post=1122"}],"version-history":[{"count":33,"href":"https:\/\/winteh.si\/hr\/wp-json\/wp\/v2\/pages\/1122\/revisions"}],"predecessor-version":[{"id":5805,"href":"https:\/\/winteh.si\/hr\/wp-json\/wp\/v2\/pages\/1122\/revisions\/5805"}],"wp:attachment":[{"href":"https:\/\/winteh.si\/hr\/wp-json\/wp\/v2\/media?parent=1122"}],"curies":[{"name":"wp","href":"https:\/\/api.w.org\/{rel}","templated":true}]}}