{"id":5290,"date":"2025-06-11T08:07:18","date_gmt":"2025-06-11T08:07:18","guid":{"rendered":"https:\/\/lms.winteh.si\/center-zasebnosti\/piskotki\/"},"modified":"2025-06-11T09:02:34","modified_gmt":"2025-06-11T09:02:34","slug":"piskotki","status":"publish","type":"page","link":"https:\/\/winteh.si\/hr\/center-zasebnosti\/piskotki\/","title":{"rendered":"Kola\u010di\u0107i"},"content":{"rendered":"<div data-elementor-type=\"wp-page\" data-elementor-id=\"5290\" class=\"elementor elementor-5290\">\n\t\t\t\t<div class=\"elementor-element elementor-element-0cdb182 e-flex e-con-boxed e-con e-parent\" data-id=\"0cdb182\" data-element_type=\"container\" data-settings=\"{&quot;background_background&quot;:&quot;classic&quot;,&quot;wdb_enable_cursor_hover_effect_text&quot;:&quot;View&quot;}\">\n\t\t\t\t\t<div class=\"e-con-inner\">\n\t\t<div class=\"elementor-element elementor-element-19efc10 e-con-full e-flex e-con e-child\" data-id=\"19efc10\" data-element_type=\"container\" data-settings=\"{&quot;wdb_enable_cursor_hover_effect_text&quot;:&quot;View&quot;}\">\n\t\t\t\t<div class=\"elementor-element elementor-element-6bb72cf elementor-widget elementor-widget-heading\" data-id=\"6bb72cf\" data-element_type=\"widget\" data-widget_type=\"heading.default\">\n\t\t\t\t\t<h2 class=\"elementor-heading-title elementor-size-default\">O kola\u010di\u0107ima<\/h2>\t\t\t\t<\/div>\n\t\t\t\t<\/div>\n\t\t\t\t\t<\/div>\n\t\t\t\t<\/div>\n\t\t<div class=\"elementor-element elementor-element-84beb90 e-flex e-con-boxed e-con e-parent\" data-id=\"84beb90\" data-element_type=\"container\" data-settings=\"{&quot;wdb_enable_cursor_hover_effect_text&quot;:&quot;View&quot;}\">\n\t\t\t\t\t<div class=\"e-con-inner\">\n\t\t\t\t<div class=\"elementor-element elementor-element-56de4408 elementor-widget elementor-widget-text-editor\" data-id=\"56de4408\" data-element_type=\"widget\" data-widget_type=\"text-editor.default\">\n\t\t\t\t\t\t\t\t\t<p>Ova web stranica mo\u017ee koristiti sljede\u0107e kola\u010di\u0107e:<\/p><table class=\"cookies wide-fat\"><thead><tr><td class=\"\">Naziv kola\u010di\u0107a<\/td><td class=\"\">Opis<\/td><td class=\"\">Trajanje<\/td><\/tr><\/thead><tbody><tr><td>wordpress_<\/td><td>WordPress kola\u010di\u0107 za prijavljenog korisnika.<\/td><td>sesija<\/td><\/tr><tr><td>PHPSESSID<\/td><td>Za prepoznavanje va\u0161e jedinstvene sesije na web stranici.<\/td><td>sesija<\/td><\/tr><tr><td>tk_ai<\/td><td>Kola\u010di\u0107 tk_ai je sesijski kola\u010di\u0107 i pohranjuje nasumi\u010dno generirani anonimni ID. Koristi se samo u administratorskom podru\u010dju i za op\u0107e analiti\u010dko pra\u0107enje.<\/td><td>sesija<\/td><\/tr><tr><td>wp-settings-<\/td><td>WordPress tako\u0111er postavlja neke kola\u010di\u0107e wp-settings-[UID]. Broj na kraju je va\u0161 individualni ID korisnika iz baze podataka. Koristi se za prilagodbu prikaza administratorskog su\u010delja, a ponekad i glavnog su\u010delja web stranice.<\/td><td>1 godina<\/td><\/tr><tr><td>wp-settings-time-<\/td><td>WordPress tako\u0111er postavlja neke kola\u010di\u0107e wp-settings-{time}-[UID]. Broj na kraju je va\u0161 individualni ID korisnika iz baze podataka. Koristi se za prilagodbu prikaza administratorskog su\u010delja, a ponekad i glavnog su\u010delja web stranice.<\/td><td>1 godina<\/td><\/tr><tr><td>SESS<\/td><td>Za osiguranje da vas prepoznaju dok se kre\u0107ete s jedne stranice na drugu unutar web stranice i za pam\u0107enje svih informacija koje ste unijeli.<\/td><td>sesija<\/td><\/tr><\/tbody><\/table><p><br \/><br \/><\/p>\t\t\t\t\t\t\t\t<\/div>\n\t\t\t\t\t<\/div>\n\t\t\t\t<\/div>\n\t\t\t\t<\/div>","protected":false},"excerpt":{"rendered":"<p>O pi\u0161kotkih Ta spletna stran lahko uporablja naslednje pi\u0161kotke: Naziv pi\u0161kotka Opis Trajanje wordpress_ WordPress pi\u0161kotek za prijavljenega uporabnika. seja PHPSESSID Za prepoznavanje va\u0161e edinstvene seje na spletnem mestu seja tk_ai Pi\u0161kotek tk_ai je sejni pi\u0161kotek in shrani naklju\u010dno generiran anonimni ID. To se uporablja samo v skrbni\u0161kem obmo\u010dju in se uporablja za splo\u0161no analiti\u010dno [&hellip;]<\/p>","protected":false},"author":1,"featured_media":0,"parent":5279,"menu_order":0,"comment_status":"closed","ping_status":"closed","template":"","meta":{"inline_featured_image":false,"footnotes":""},"class_list":["post-5290","page","type-page","status-publish","hentry"],"_links":{"self":[{"href":"https:\/\/winteh.si\/hr\/wp-json\/wp\/v2\/pages\/5290","targetHints":{"allow":["GET"]}}],"collection":[{"href":"https:\/\/winteh.si\/hr\/wp-json\/wp\/v2\/pages"}],"about":[{"href":"https:\/\/winteh.si\/hr\/wp-json\/wp\/v2\/types\/page"}],"author":[{"embeddable":true,"href":"https:\/\/winteh.si\/hr\/wp-json\/wp\/v2\/users\/1"}],"replies":[{"embeddable":true,"href":"https:\/\/winteh.si\/hr\/wp-json\/wp\/v2\/comments?post=5290"}],"version-history":[{"count":7,"href":"https:\/\/winteh.si\/hr\/wp-json\/wp\/v2\/pages\/5290\/revisions"}],"predecessor-version":[{"id":5504,"href":"https:\/\/winteh.si\/hr\/wp-json\/wp\/v2\/pages\/5290\/revisions\/5504"}],"up":[{"embeddable":true,"href":"https:\/\/winteh.si\/hr\/wp-json\/wp\/v2\/pages\/5279"}],"wp:attachment":[{"href":"https:\/\/winteh.si\/hr\/wp-json\/wp\/v2\/media?parent=5290"}],"curies":[{"name":"wp","href":"https:\/\/api.w.org\/{rel}","templated":true}]}}