{"id":5294,"date":"2025-06-11T08:07:18","date_gmt":"2025-06-11T08:07:18","guid":{"rendered":"https:\/\/lms.winteh.si\/center-zasebnosti\/izbris-mojih-podatkov\/"},"modified":"2025-06-11T08:48:08","modified_gmt":"2025-06-11T08:48:08","slug":"izbris-mojih-podatkov","status":"publish","type":"page","link":"https:\/\/winteh.si\/hr\/center-zasebnosti\/izbris-mojih-podatkov\/","title":{"rendered":"Izbris mojih podatkov"},"content":{"rendered":"<div data-elementor-type=\"wp-page\" data-elementor-id=\"5294\" class=\"elementor elementor-5294\">\n\t\t\t\t<div class=\"elementor-element elementor-element-4d903fd e-flex e-con-boxed e-con e-parent\" data-id=\"4d903fd\" data-element_type=\"container\" data-settings=\"{&quot;background_background&quot;:&quot;classic&quot;,&quot;wdb_enable_cursor_hover_effect_text&quot;:&quot;View&quot;}\">\n\t\t\t\t\t<div class=\"e-con-inner\">\n\t\t<div class=\"elementor-element elementor-element-f28bfdb e-con-full e-flex e-con e-child\" data-id=\"f28bfdb\" data-element_type=\"container\" data-settings=\"{&quot;wdb_enable_cursor_hover_effect_text&quot;:&quot;View&quot;}\">\n\t\t\t\t<div class=\"elementor-element elementor-element-d51516d elementor-widget elementor-widget-heading\" data-id=\"d51516d\" data-element_type=\"widget\" data-widget_type=\"heading.default\">\n\t\t\t\t\t<h2 class=\"elementor-heading-title elementor-size-default\">Brisanje osobnih podataka<\/h2>\t\t\t\t<\/div>\n\t\t\t\t<\/div>\n\t\t\t\t\t<\/div>\n\t\t\t\t<\/div>\n\t\t<div class=\"elementor-element elementor-element-9e23b4e e-flex e-con-boxed e-con e-parent\" data-id=\"9e23b4e\" data-element_type=\"container\" data-settings=\"{&quot;wdb_enable_cursor_hover_effect_text&quot;:&quot;View&quot;}\">\n\t\t\t\t\t<div class=\"e-con-inner\">\n\t\t\t\t<div class=\"elementor-element elementor-element-c2a7f9c elementor-widget elementor-widget-heading\" data-id=\"c2a7f9c\" data-element_type=\"widget\" data-widget_type=\"heading.default\">\n\t\t\t\t\t<p class=\"elementor-heading-title elementor-size-default\">Ako \u017eelite da izbri\u0161emo va\u0161e osobne podatke pohranjene na na\u0161oj web stranici, molimo vas da ispunite donji obrazac. <\/p>\t\t\t\t<\/div>\n\t\t\t\t<div class=\"elementor-element elementor-element-7927795a elementor-widget elementor-widget-shortcode\" data-id=\"7927795a\" data-element_type=\"widget\" data-widget_type=\"shortcode.default\">\n\t\t\t\t\t\t\t<div class=\"elementor-shortcode\"><a class=\"wordpress-gdpr-back-link\" href=\"https:\/\/winteh.si\/hr\/center-zasebnosti\/\">&larr; Return to Privacy Center<\/a><form action=\"\/hr\/wp-json\/wp\/v2\/pages\/5294\" class=\"wordpress-gdpr-form wordpress-gdpr-form-forget-me\" method=\"post\" data-trp-original-action=\"\/hr\/wp-json\/wp\/v2\/pages\/5294\"><input type=\"hidden\" name=\"wordpress_gdpr_form_type\" value=\"forget-me\"><div class=\"form-group\"><label for=\"gdpr_firstname\">Your First Name (*)<\/label><input class=\"form-control\" type=\"text\" name=\"gdpr_firstname\" value=\"\" required \/><\/div><div class=\"form-group\"><label for=\"gdpr_lastname\">Your Last Name (*)<\/label><input class=\"form-control\" type=\"text\" name=\"gdpr_lastname\" value=\"\" required \/><\/div><div class=\"form-group\"><label for=\"gdpr_email\">Your Email (*)<\/label><input class=\"form-control\" type=\"email\" name=\"gdpr_email\" value=\"\" required \/><\/div><div class=\"form-group\"><label for=\"gdpr_terms\"><input id=\"gdpr_terms\" class=\"form-control\" type=\"checkbox\" name=\"gdpr_terms\" value=\"1\" required \/><span class=\"gdpr-accept-conditiones-text\"><span style=\"color: #0c2957; font-family: Barlow, sans-serif; font-size: 18px;\">Sla\u017eem se s politikom privatnosti i da se moji podaci mogu pohraniti na temelju zahtjeva prema GDPR-u.<\/span><\/span><\/label><\/div><input type=\"submit\" name=\"gdpr_submitted\" value=\"Submit\"\/><input type=\"hidden\" name=\"trp-form-language\" value=\"hr\"\/><\/form><\/div>\n\t\t\t\t\t\t<\/div>\n\t\t\t\t\t<\/div>\n\t\t\t\t<\/div>\n\t\t\t\t<\/div>","protected":false},"excerpt":{"rendered":"<p>Izbris osebnih podatkov \u010ce \u017eelite, da izbri\u0161emo va\u0161e osebne podatke, ki so shranjeni na na\u0161i spletni strani, vas prosimo, da izpolnite spodnji obrazec.<\/p>","protected":false},"author":1,"featured_media":0,"parent":5279,"menu_order":0,"comment_status":"closed","ping_status":"closed","template":"","meta":{"inline_featured_image":false,"footnotes":""},"class_list":["post-5294","page","type-page","status-publish","hentry"],"_links":{"self":[{"href":"https:\/\/winteh.si\/hr\/wp-json\/wp\/v2\/pages\/5294","targetHints":{"allow":["GET"]}}],"collection":[{"href":"https:\/\/winteh.si\/hr\/wp-json\/wp\/v2\/pages"}],"about":[{"href":"https:\/\/winteh.si\/hr\/wp-json\/wp\/v2\/types\/page"}],"author":[{"embeddable":true,"href":"https:\/\/winteh.si\/hr\/wp-json\/wp\/v2\/users\/1"}],"replies":[{"embeddable":true,"href":"https:\/\/winteh.si\/hr\/wp-json\/wp\/v2\/comments?post=5294"}],"version-history":[{"count":6,"href":"https:\/\/winteh.si\/hr\/wp-json\/wp\/v2\/pages\/5294\/revisions"}],"predecessor-version":[{"id":5339,"href":"https:\/\/winteh.si\/hr\/wp-json\/wp\/v2\/pages\/5294\/revisions\/5339"}],"up":[{"embeddable":true,"href":"https:\/\/winteh.si\/hr\/wp-json\/wp\/v2\/pages\/5279"}],"wp:attachment":[{"href":"https:\/\/winteh.si\/hr\/wp-json\/wp\/v2\/media?parent=5294"}],"curies":[{"name":"wp","href":"https:\/\/api.w.org\/{rel}","templated":true}]}}