{"id":694,"date":"2024-10-09T07:22:06","date_gmt":"2024-10-09T07:22:06","guid":{"rendered":"https:\/\/techstartup-zenix.keystonedemo.com\/?page_id=694"},"modified":"2025-07-25T06:36:44","modified_gmt":"2025-07-25T06:36:44","slug":"o-nas","status":"publish","type":"page","link":"https:\/\/winteh.si\/hr\/o-nas\/","title":{"rendered":"O nama"},"content":{"rendered":"<div data-elementor-type=\"wp-page\" data-elementor-id=\"694\" class=\"elementor elementor-694\">\n\t\t\t\t<div class=\"elementor-element elementor-element-2c6ed0a e-flex e-con-boxed e-con e-parent\" data-id=\"2c6ed0a\" data-element_type=\"container\" data-settings=\"{&quot;background_background&quot;:&quot;classic&quot;,&quot;wdb_enable_cursor_hover_effect_text&quot;:&quot;View&quot;}\">\n\t\t\t\t\t<div class=\"e-con-inner\">\n\t\t\t\t<div class=\"elementor-element elementor-element-68e71ea elementor-widget-mobile__width-initial elementor-widget elementor-widget-heading\" data-id=\"68e71ea\" data-element_type=\"widget\" data-widget_type=\"heading.default\">\n\t\t\t\t\t<h1 class=\"elementor-heading-title elementor-size-default\">O nama<\/h1>\t\t\t\t<\/div>\n\t\t\t\t<div class=\"elementor-element elementor-element-62739a4 elementor-widget__width-initial elementor-widget-tablet__width-inherit elementor-widget elementor-widget-text-editor\" data-id=\"62739a4\" data-element_type=\"widget\" data-widget_type=\"text-editor.default\">\n\t\t\t\t\t\t\t\t\t<p>Vsak klik, vsaka funkcija in vsaka vrstica kode pri WINTEH je usmerjena k enemu cilju \u2013 da va\u0161e delo postane bolj u\u010dinkovito, pregledno in povezano.<\/p>\t\t\t\t\t\t\t\t<\/div>\n\t\t\t\t\t<\/div>\n\t\t\t\t<\/div>\n\t\t<div class=\"elementor-element elementor-element-f73e8cb e-flex e-con-boxed e-con e-parent\" data-id=\"f73e8cb\" data-element_type=\"container\" data-settings=\"{&quot;wdb_enable_cursor_hover_effect_text&quot;:&quot;View&quot;,&quot;background_background&quot;:&quot;classic&quot;}\">\n\t\t\t\t\t<div class=\"e-con-inner\">\n\t\t<div class=\"elementor-element elementor-element-ff1f0d8 e-con-full e-flex e-con e-child\" data-id=\"ff1f0d8\" data-element_type=\"container\" data-settings=\"{&quot;wdb_enable_cursor_hover_effect_text&quot;:&quot;View&quot;}\">\n\t\t<div class=\"elementor-element elementor-element-5532bcb e-con-full e-flex elementor-invisible e-con e-child\" data-id=\"5532bcb\" data-element_type=\"container\" data-settings=\"{&quot;wdb_enable_cursor_hover_effect_text&quot;:&quot;View&quot;,&quot;background_background&quot;:&quot;classic&quot;,&quot;animation&quot;:&quot;fadeInUp&quot;}\">\n\t\t\t\t<div class=\"elementor-element elementor-element-1f5b316 elementor-widget elementor-widget-image\" data-id=\"1f5b316\" data-element_type=\"widget\" data-widget_type=\"image.default\">\n\t\t\t\t\t\t\t\t\t\t\t\t\t\t\t<img fetchpriority=\"high\" decoding=\"async\" width=\"866\" height=\"443\" src=\"https:\/\/winteh.si\/wp-content\/uploads\/2025\/06\/undraw_engineering-team_13ax.svg\" class=\"attachment-full size-full wp-image-5050\" alt=\"\" \/>\t\t\t\t\t\t\t\t\t\t\t\t\t\t\t<\/div>\n\t\t\t\t<\/div>\n\t\t<div class=\"elementor-element elementor-element-2c651ac e-con-full e-flex elementor-invisible e-con e-child\" data-id=\"2c651ac\" data-element_type=\"container\" data-settings=\"{&quot;wdb_enable_cursor_hover_effect_text&quot;:&quot;View&quot;,&quot;animation&quot;:&quot;fadeInUp&quot;,&quot;animation_delay&quot;:0}\">\n\t\t\t\t<div class=\"elementor-element elementor-element-6068faa elementor-icon-list--layout-traditional elementor-list-item-link-full_width elementor-widget elementor-widget-icon-list\" data-id=\"6068faa\" data-element_type=\"widget\" data-widget_type=\"icon-list.default\">\n\t\t\t\t\t\t\t<ul class=\"elementor-icon-list-items\">\n\t\t\t\t\t\t\t<li class=\"elementor-icon-list-item\">\n\t\t\t\t\t\t\t\t\t\t<span class=\"elementor-icon-list-text\">Kdo smo<\/span>\n\t\t\t\t\t\t\t\t\t<\/li>\n\t\t\t\t\t\t<\/ul>\n\t\t\t\t\t\t<\/div>\n\t\t\t\t<div class=\"elementor-element elementor-element-083b7e8 elementor-widget elementor-widget-heading\" data-id=\"083b7e8\" data-element_type=\"widget\" data-widget_type=\"heading.default\">\n\t\t\t\t\t<h2 class=\"elementor-heading-title elementor-size-default\">Nismo le razvijalci programske opreme<\/h2>\t\t\t\t<\/div>\n\t\t\t\t<div class=\"elementor-element elementor-element-14a52ef elementor-widget-mobile__width-inherit elementor-widget elementor-widget-text-editor\" data-id=\"14a52ef\" data-element_type=\"widget\" data-widget_type=\"text-editor.default\">\n\t\t\t\t\t\t\t\t\t<p>Smo va\u0161 strate\u0161ki partner pri digitalni preobrazbi. Na\u0161e poslanstvo je preprosto: ustvarjati pametna, intuitivna in prilagodljiva digitalna orodja, ki re\u0161ujejo resni\u010dne poslovne izzive in podpirajo va\u0161o rast na vsakem koraku. Na\u0161e delo temelji na prepri\u010danju, da mora tehnologija delo poenostaviti \u2013 ne zapletati. Podjetjem iz razli\u010dnih panog smo pomagali optimizirati procese, izbolj\u0161ati u\u010dinkovitost zaposlenih in samozavestno vstopiti na nove trge.\u00a0<\/p>\t\t\t\t\t\t\t\t<\/div>\n\t\t\t\t<\/div>\n\t\t\t\t<\/div>\n\t\t<div class=\"elementor-element elementor-element-2b1a2da e-con-full e-flex e-con e-child\" data-id=\"2b1a2da\" data-element_type=\"container\" data-settings=\"{&quot;wdb_enable_cursor_hover_effect_text&quot;:&quot;View&quot;}\">\n\t\t<div class=\"elementor-element elementor-element-1fa383e e-con-full e-flex elementor-invisible e-con e-child\" data-id=\"1fa383e\" data-element_type=\"container\" data-settings=\"{&quot;wdb_enable_cursor_hover_effect_text&quot;:&quot;View&quot;,&quot;background_background&quot;:&quot;classic&quot;,&quot;animation&quot;:&quot;fadeInUp&quot;}\">\n\t\t\t\t<div class=\"elementor-element elementor-element-d6a495c elementor-widget elementor-widget-image\" data-id=\"d6a495c\" data-element_type=\"widget\" data-widget_type=\"image.default\">\n\t\t\t\t\t\t\t\t\t\t\t\t\t\t\t<img decoding=\"async\" width=\"1600\" height=\"1401\" src=\"https:\/\/winteh.si\/wp-content\/uploads\/2025\/07\/undraw_designing-components_kb05.png\" class=\"attachment-full size-full wp-image-5661\" alt=\"\" srcset=\"https:\/\/winteh.si\/wp-content\/uploads\/2025\/07\/undraw_designing-components_kb05.png 1600w, https:\/\/winteh.si\/wp-content\/uploads\/2025\/07\/undraw_designing-components_kb05-300x263.png 300w, https:\/\/winteh.si\/wp-content\/uploads\/2025\/07\/undraw_designing-components_kb05-1024x897.png 1024w, https:\/\/winteh.si\/wp-content\/uploads\/2025\/07\/undraw_designing-components_kb05-768x672.png 768w, https:\/\/winteh.si\/wp-content\/uploads\/2025\/07\/undraw_designing-components_kb05-1536x1345.png 1536w, https:\/\/winteh.si\/wp-content\/uploads\/2025\/07\/undraw_designing-components_kb05-14x12.png 14w, https:\/\/winteh.si\/wp-content\/uploads\/2025\/07\/undraw_designing-components_kb05-710x622.png 710w\" sizes=\"(max-width: 1600px) 100vw, 1600px\" \/>\t\t\t\t\t\t\t\t\t\t\t\t\t\t\t<\/div>\n\t\t\t\t<\/div>\n\t\t<div class=\"elementor-element elementor-element-115239b e-con-full e-flex elementor-invisible e-con e-child\" data-id=\"115239b\" data-element_type=\"container\" data-settings=\"{&quot;wdb_enable_cursor_hover_effect_text&quot;:&quot;View&quot;,&quot;animation&quot;:&quot;fadeInUp&quot;,&quot;animation_delay&quot;:0}\">\n\t\t\t\t<div class=\"elementor-element elementor-element-931fc0a elementor-icon-list--layout-traditional elementor-list-item-link-full_width elementor-widget elementor-widget-icon-list\" data-id=\"931fc0a\" data-element_type=\"widget\" data-widget_type=\"icon-list.default\">\n\t\t\t\t\t\t\t<ul class=\"elementor-icon-list-items\">\n\t\t\t\t\t\t\t<li class=\"elementor-icon-list-item\">\n\t\t\t\t\t\t\t\t\t\t<span class=\"elementor-icon-list-text\">Na\u0161e delo<\/span>\n\t\t\t\t\t\t\t\t\t<\/li>\n\t\t\t\t\t\t<\/ul>\n\t\t\t\t\t\t<\/div>\n\t\t\t\t<div class=\"elementor-element elementor-element-ea5b42d elementor-widget elementor-widget-heading\" data-id=\"ea5b42d\" data-element_type=\"widget\" data-widget_type=\"heading.default\">\n\t\t\t\t\t<h2 class=\"elementor-heading-title elementor-size-default\">Razvijanje inteligentnih digitalnih re\u0161itev<\/h2>\t\t\t\t<\/div>\n\t\t\t\t<div class=\"elementor-element elementor-element-f68b9b1 elementor-widget-mobile__width-inherit elementor-widget elementor-widget-text-editor\" data-id=\"f68b9b1\" data-element_type=\"widget\" data-widget_type=\"text-editor.default\">\n\t\t\t\t\t\t\t\t\t<p>Katere se prilagodijo va\u0161emu poslovnemu modelu in ne obratno. Ne glede na to, ali digitalizirate interne procese, avtomatizirate pripravo ponudb, uvajate e-u\u010denje ali gradite spletno prodajo, so na\u0161e re\u0161itve zasnovane tako, da podpirajo va\u0161o strukturo, rast in prina\u0161ajo merljive rezultate. Z intuitivno uporabni\u0161ko izku\u0161njo, sprotnimi analizami, brezhibno integracijo in ve\u010djezi\u010dno podporo gradimo sisteme, ki so zanesljivi, zmogljivi in pripravljeni na prihodnost.\u00a0<\/p>\t\t\t\t\t\t\t\t<\/div>\n\t\t\t\t<\/div>\n\t\t\t\t<\/div>\n\t\t\t\t\t<\/div>\n\t\t\t\t<\/div>\n\t\t<div class=\"elementor-element elementor-element-982a130 e-flex e-con-boxed e-con e-parent\" data-id=\"982a130\" data-element_type=\"container\" data-settings=\"{&quot;background_background&quot;:&quot;classic&quot;,&quot;wdb_enable_cursor_hover_effect_text&quot;:&quot;View&quot;}\">\n\t\t\t\t\t<div class=\"e-con-inner\">\n\t\t\t\t<div class=\"elementor-element elementor-element-d730628 elementor-widget elementor-widget-heading\" data-id=\"d730628\" data-element_type=\"widget\" data-widget_type=\"heading.default\">\n\t\t\t\t\t<h2 class=\"elementor-heading-title elementor-size-default\">Zakaj smo druga\u010dni<\/h2>\t\t\t\t<\/div>\n\t\t\t\t<div class=\"elementor-element elementor-element-f1b4620 elementor-widget-mobile__width-inherit elementor-widget elementor-widget-text-editor\" data-id=\"f1b4620\" data-element_type=\"widget\" data-widget_type=\"text-editor.default\">\n\t\t\t\t\t\t\t\t\t<p>Zdru\u017eujemo tehni\u010dno odli\u010dnost s \u010dlove\u0161kim razumevanjem. Vsako re\u0161itev zasnujemo tako, da je:\u00a0<\/p>\t\t\t\t\t\t\t\t<\/div>\n\t\t<div class=\"elementor-element elementor-element-5900a92 e-con-full e-grid e-con e-child\" data-id=\"5900a92\" data-element_type=\"container\" data-settings=\"{&quot;wdb_enable_cursor_hover_effect_text&quot;:&quot;View&quot;}\">\n\t\t<div class=\"elementor-element elementor-element-5500362 e-con-full e-flex e-con e-child\" data-id=\"5500362\" data-element_type=\"container\" data-settings=\"{&quot;background_background&quot;:&quot;classic&quot;,&quot;wdb_enable_cursor_hover_effect_text&quot;:&quot;View&quot;}\">\n\t\t\t\t<div class=\"elementor-element elementor-element-1d97082 elementor-widget elementor-widget-heading\" data-id=\"1d97082\" data-element_type=\"widget\" data-widget_type=\"heading.default\">\n\t\t\t\t\t<h4 class=\"elementor-heading-title elementor-size-default\">Premi\u0161ljeno oblikovana za dolgoro\u010dno uporabo\u00a0<\/h4>\t\t\t\t<\/div>\n\t\t\t\t<\/div>\n\t\t<div class=\"elementor-element elementor-element-aae30f4 e-con-full e-flex e-con e-child\" data-id=\"aae30f4\" data-element_type=\"container\" data-settings=\"{&quot;background_background&quot;:&quot;classic&quot;,&quot;wdb_enable_cursor_hover_effect_text&quot;:&quot;View&quot;}\">\n\t\t\t\t<div class=\"elementor-element elementor-element-f63de49 elementor-widget elementor-widget-heading\" data-id=\"f63de49\" data-element_type=\"widget\" data-widget_type=\"heading.default\">\n\t\t\t\t\t<h4 class=\"elementor-heading-title elementor-size-default\">Prilagojena va\u0161im specifi\u010dnim procesom in ciljem<\/h4>\t\t\t\t<\/div>\n\t\t\t\t<\/div>\n\t\t<div class=\"elementor-element elementor-element-3b24047 e-con-full e-flex e-con e-child\" data-id=\"3b24047\" data-element_type=\"container\" data-settings=\"{&quot;background_background&quot;:&quot;classic&quot;,&quot;wdb_enable_cursor_hover_effect_text&quot;:&quot;View&quot;}\">\n\t\t\t\t<div class=\"elementor-element elementor-element-87cca49 elementor-widget elementor-widget-heading\" data-id=\"87cca49\" data-element_type=\"widget\" data-widget_type=\"heading.default\">\n\t\t\t\t\t<h4 class=\"elementor-heading-title elementor-size-default\">Integrirana z va\u0161imi obstoje\u010dimi orodji&nbsp;<\/h4>\t\t\t\t<\/div>\n\t\t\t\t<\/div>\n\t\t<div class=\"elementor-element elementor-element-34dbeb1 e-con-full e-flex e-con e-child\" data-id=\"34dbeb1\" data-element_type=\"container\" data-settings=\"{&quot;background_background&quot;:&quot;classic&quot;,&quot;wdb_enable_cursor_hover_effect_text&quot;:&quot;View&quot;}\">\n\t\t\t\t<div class=\"elementor-element elementor-element-7233e6f elementor-widget elementor-widget-heading\" data-id=\"7233e6f\" data-element_type=\"widget\" data-widget_type=\"heading.default\">\n\t\t\t\t\t<h4 class=\"elementor-heading-title elementor-size-default\">Varna, prilagodljiva in zmogljiva\u00a0<\/h4>\t\t\t\t<\/div>\n\t\t\t\t<\/div>\n\t\t\t\t<\/div>\n\t\t\t\t<div class=\"elementor-element elementor-element-5f5aa88 elementor-widget-mobile__width-inherit elementor-widget__width-initial elementor-widget-tablet__width-inherit elementor-widget elementor-widget-text-editor\" data-id=\"5f5aa88\" data-element_type=\"widget\" data-widget_type=\"text-editor.default\">\n\t\t\t\t\t\t\t\t\t<p>Najprej poslu\u0161amo ter nato gradimo. Skozi celoten proces vas vodimo: od raziskave in razvoja do lansiranja in podpore. Ponujamo tudi redne nadgradnje in nove funkcionalnosti, ki sledijo va\u0161im potrebam.\u00a0<\/p>\t\t\t\t\t\t\t\t<\/div>\n\t\t\t\t\t<\/div>\n\t\t\t\t<\/div>\n\t\t<div class=\"elementor-element elementor-element-beca682 e-flex e-con-boxed e-con e-parent\" data-id=\"beca682\" data-element_type=\"container\" data-settings=\"{&quot;wdb_enable_cursor_hover_effect_text&quot;:&quot;View&quot;,&quot;background_background&quot;:&quot;classic&quot;}\">\n\t\t\t\t\t<div class=\"e-con-inner\">\n\t\t<div class=\"elementor-element elementor-element-4946e60 e-con-full e-flex e-con e-child\" data-id=\"4946e60\" data-element_type=\"container\" data-settings=\"{&quot;wdb_enable_cursor_hover_effect_text&quot;:&quot;View&quot;}\">\n\t\t<div class=\"elementor-element elementor-element-7277250 e-con-full e-flex elementor-invisible e-con e-child\" data-id=\"7277250\" data-element_type=\"container\" data-settings=\"{&quot;wdb_enable_cursor_hover_effect_text&quot;:&quot;View&quot;,&quot;background_background&quot;:&quot;classic&quot;,&quot;animation&quot;:&quot;fadeInUp&quot;}\">\n\t\t\t\t<div class=\"elementor-element elementor-element-974f983 elementor-widget elementor-widget-image\" data-id=\"974f983\" data-element_type=\"widget\" data-widget_type=\"image.default\">\n\t\t\t\t\t\t\t\t\t\t\t\t\t\t\t<img decoding=\"async\" width=\"1517\" height=\"1230\" src=\"https:\/\/winteh.si\/wp-content\/uploads\/2025\/07\/undraw_business-deal_nx2n.png\" class=\"attachment-full size-full wp-image-5597\" alt=\"\" srcset=\"https:\/\/winteh.si\/wp-content\/uploads\/2025\/07\/undraw_business-deal_nx2n.png 1517w, https:\/\/winteh.si\/wp-content\/uploads\/2025\/07\/undraw_business-deal_nx2n-300x243.png 300w, https:\/\/winteh.si\/wp-content\/uploads\/2025\/07\/undraw_business-deal_nx2n-1024x830.png 1024w, https:\/\/winteh.si\/wp-content\/uploads\/2025\/07\/undraw_business-deal_nx2n-768x623.png 768w, https:\/\/winteh.si\/wp-content\/uploads\/2025\/07\/undraw_business-deal_nx2n-15x12.png 15w, https:\/\/winteh.si\/wp-content\/uploads\/2025\/07\/undraw_business-deal_nx2n-710x576.png 710w\" sizes=\"(max-width: 1517px) 100vw, 1517px\" \/>\t\t\t\t\t\t\t\t\t\t\t\t\t\t\t<\/div>\n\t\t\t\t<\/div>\n\t\t<div class=\"elementor-element elementor-element-0a9d54f e-con-full e-flex elementor-invisible e-con e-child\" data-id=\"0a9d54f\" data-element_type=\"container\" data-settings=\"{&quot;wdb_enable_cursor_hover_effect_text&quot;:&quot;View&quot;,&quot;animation&quot;:&quot;fadeInUp&quot;,&quot;animation_delay&quot;:0}\">\n\t\t\t\t<div class=\"elementor-element elementor-element-b9c43b6 elementor-icon-list--layout-traditional elementor-list-item-link-full_width elementor-widget elementor-widget-icon-list\" data-id=\"b9c43b6\" data-element_type=\"widget\" data-widget_type=\"icon-list.default\">\n\t\t\t\t\t\t\t<ul class=\"elementor-icon-list-items\">\n\t\t\t\t\t\t\t<li class=\"elementor-icon-list-item\">\n\t\t\t\t\t\t\t\t\t\t<span class=\"elementor-icon-list-text\">S kom sodelujemo<\/span>\n\t\t\t\t\t\t\t\t\t<\/li>\n\t\t\t\t\t\t<\/ul>\n\t\t\t\t\t\t<\/div>\n\t\t\t\t<div class=\"elementor-element elementor-element-b54a960 elementor-widget elementor-widget-heading\" data-id=\"b54a960\" data-element_type=\"widget\" data-widget_type=\"heading.default\">\n\t\t\t\t\t<h2 class=\"elementor-heading-title elementor-size-default\">Tu smo za vas<\/h2>\t\t\t\t<\/div>\n\t\t\t\t<div class=\"elementor-element elementor-element-a403dd5 elementor-widget-mobile__width-inherit elementor-widget elementor-widget-text-editor\" data-id=\"a403dd5\" data-element_type=\"widget\" data-widget_type=\"text-editor.default\">\n\t\t\t\t\t\t\t\t\t<p>ne glede na to, ali ste zagonsko podjetje v rasti, srednje veliko podjetje v fazi digitalizacije ali velika korporacija z globalnimi ekipami.\u00a0Od lokalnih trgovcev in proizvajalcev do mednarodnih izobra\u017eevalnih ustanov in kadrovskih slu\u017eb \u2013 delamo z razli\u010dnimi sektorji z enim samim ciljem: ponuditi pametne digitalne izku\u0161nje, ki izbolj\u0161ujejo poslovanje.\u00a0<\/p>\t\t\t\t\t\t\t\t<\/div>\n\t\t\t\t<\/div>\n\t\t\t\t<\/div>\n\t\t\t\t\t<\/div>\n\t\t\t\t<\/div>\n\t\t<div class=\"elementor-element elementor-element-4bc7df3 e-flex e-con-boxed e-con e-parent\" data-id=\"4bc7df3\" data-element_type=\"container\" data-settings=\"{&quot;wdb_enable_cursor_hover_effect_text&quot;:&quot;View&quot;}\">\n\t\t\t\t\t<div class=\"e-con-inner\">\n\t\t\t\t<div class=\"elementor-element elementor-element-c3f3509 elementor-widget__width-initial elementor-widget-tablet__width-inherit elementor-widget elementor-widget-heading\" data-id=\"c3f3509\" data-element_type=\"widget\" data-widget_type=\"heading.default\">\n\t\t\t\t\t<h2 class=\"elementor-heading-title elementor-size-default\">Zgradimo prihodnost skupaj <\/h2>\t\t\t\t<\/div>\n\t\t\t\t<div class=\"elementor-element elementor-element-504929b elementor-widget-mobile__width-inherit elementor-widget__width-initial elementor-widget elementor-widget-text-editor\" data-id=\"504929b\" data-element_type=\"widget\" data-widget_type=\"text-editor.default\">\n\t\t\t\t\t\t\t\t\t<p>Pri WINTEH ne razvijamo zgolj programske opreme \u2013 ustvarjamo napredek. Na\u0161 pristop temelji na zaupanju, preglednosti in globokem razumevanju va\u0161ega poslovanja. \u010ce ste pripravljeni prese\u010di omejitve in ustvariti digitalne sisteme, ki resni\u010dno delujejo za vas, smo tukaj, da vam pomagamo. Za\u010dnimo pogovor in skupaj oblikujmo pametnej\u0161o, bolj povezano prihodnost.\u00a0<\/p>\t\t\t\t\t\t\t\t<\/div>\n\t\t\t\t<div class=\"elementor-element elementor-element-724123c elementor-widget-tablet__width-auto elementor-widget-mobile__width-initial elementor-widget elementor-widget-wdb--button\" data-id=\"724123c\" data-element_type=\"widget\" data-widget_type=\"wdb--button.default\">\n\t\t\t\t<div class=\"elementor-widget-container\">\n\t\t\t\t\t        <div class=\"wdb__btn\">\r\n\t\t\t                <a href=\"\/hr\/kontakt\/\" class=\"wdb-btn-default btn-rollover-left\">\r\n\t\t\t\t\t\t\t\t\t\tNapravite prvi korak --&gt;                <\/a>\r\n\t\t\t\t        <\/div>\r\n\t\t\t\t\t\t<\/div>\n\t\t\t\t<\/div>\n\t\t\t\t\t<\/div>\n\t\t\t\t<\/div>\n\t\t\t\t<\/div>","protected":false},"excerpt":{"rendered":"<p>O nas Vsak klik, vsaka funkcija in vsaka vrstica kode pri WINTEH je usmerjena k enemu cilju \u2013 da va\u0161e delo postane bolj u\u010dinkovito, pregledno in povezano. Kdo smo Nismo le razvijalci programske opreme Smo va\u0161 strate\u0161ki partner pri digitalni preobrazbi. Na\u0161e poslanstvo je preprosto: ustvarjati pametna, intuitivna in prilagodljiva digitalna orodja, ki re\u0161ujejo resni\u010dne [&hellip;]<\/p>","protected":false},"author":1,"featured_media":0,"parent":0,"menu_order":0,"comment_status":"closed","ping_status":"closed","template":"elementor_header_footer","meta":{"inline_featured_image":false,"footnotes":""},"class_list":["post-694","page","type-page","status-publish","hentry"],"_links":{"self":[{"href":"https:\/\/winteh.si\/hr\/wp-json\/wp\/v2\/pages\/694","targetHints":{"allow":["GET"]}}],"collection":[{"href":"https:\/\/winteh.si\/hr\/wp-json\/wp\/v2\/pages"}],"about":[{"href":"https:\/\/winteh.si\/hr\/wp-json\/wp\/v2\/types\/page"}],"author":[{"embeddable":true,"href":"https:\/\/winteh.si\/hr\/wp-json\/wp\/v2\/users\/1"}],"replies":[{"embeddable":true,"href":"https:\/\/winteh.si\/hr\/wp-json\/wp\/v2\/comments?post=694"}],"version-history":[{"count":41,"href":"https:\/\/winteh.si\/hr\/wp-json\/wp\/v2\/pages\/694\/revisions"}],"predecessor-version":[{"id":5802,"href":"https:\/\/winteh.si\/hr\/wp-json\/wp\/v2\/pages\/694\/revisions\/5802"}],"wp:attachment":[{"href":"https:\/\/winteh.si\/hr\/wp-json\/wp\/v2\/media?parent=694"}],"curies":[{"name":"wp","href":"https:\/\/api.w.org\/{rel}","templated":true}]}}