{"id":857,"date":"2024-10-09T07:22:07","date_gmt":"2024-10-09T07:22:07","guid":{"rendered":"https:\/\/techstartup-zenix.keystonedemo.com\/?page_id=857"},"modified":"2025-07-22T12:04:53","modified_gmt":"2025-07-22T12:04:53","slug":"proces","status":"publish","type":"page","link":"https:\/\/winteh.si\/hr\/saas\/proces\/","title":{"rendered":"Proces"},"content":{"rendered":"<div data-elementor-type=\"wp-page\" data-elementor-id=\"857\" class=\"elementor elementor-857\">\n\t\t\t\t<div class=\"elementor-element elementor-element-b32086d e-flex e-con-boxed e-con e-parent\" data-id=\"b32086d\" data-element_type=\"container\" data-settings=\"{&quot;background_background&quot;:&quot;classic&quot;,&quot;wdb_enable_cursor_hover_effect_text&quot;:&quot;View&quot;}\">\n\t\t\t\t\t<div class=\"e-con-inner\">\n\t\t\t\t<div class=\"elementor-element elementor-element-cd1d532 elementor-widget-mobile__width-initial elementor-widget elementor-widget-heading\" data-id=\"cd1d532\" data-element_type=\"widget\" data-widget_type=\"heading.default\">\n\t\t\t\t\t<h1 class=\"elementor-heading-title elementor-size-default\">Postopek priprave ponudbe za kon\u010dne kupce <\/h1>\t\t\t\t<\/div>\n\t\t\t\t<div class=\"elementor-element elementor-element-5085e9d elementor-widget elementor-widget-text-editor\" data-id=\"5085e9d\" data-element_type=\"widget\" data-widget_type=\"text-editor.default\">\n\t\t\t\t\t\t\t\t\t<p><span class=\"TextRun SCXW193903382 BCX0\" lang=\"EN-US\" xml:lang=\"EN-US\" data-contrast=\"auto\"><span class=\"NormalTextRun SpellingErrorV2Themed SCXW193903382 BCX0\">Na\u0161e<\/span> <span class=\"NormalTextRun SpellingErrorV2Themed SCXW193903382 BCX0\">delovne<\/span> <span class=\"NormalTextRun SpellingErrorV2Themed SCXW193903382 BCX0\">izku\u0161nje<\/span> <span class=\"NormalTextRun SpellingErrorV2Themed SCXW193903382 BCX0\">ka\u017eejo<\/span><span class=\"NormalTextRun SCXW193903382 BCX0\">, da <\/span><span class=\"NormalTextRun SpellingErrorV2Themed SCXW193903382 BCX0\">imajo<\/span> <span class=\"NormalTextRun SpellingErrorV2Themed SCXW193903382 BCX0\">proizvajalci<\/span><span class=\"NormalTextRun SCXW193903382 BCX0\"> in <\/span><span class=\"NormalTextRun SpellingErrorV2Themed SCXW193903382 BCX0\">distributerji<\/span> stavbnega\u00a0<span class=\"NormalTextRun SpellingErrorV2Themed SCXW193903382 BCX0\">pohi\u0161tva<\/span> <span class=\"NormalTextRun SpellingErrorV2Themed SCXW193903382 BCX0\">razli\u010dne<\/span> <span class=\"NormalTextRun SpellingErrorV2Themed SCXW193903382 BCX0\">poslovne<\/span> <span class=\"NormalTextRun SpellingErrorV2Themed SCXW193903382 BCX0\">procese<\/span><span class=\"NormalTextRun SCXW193903382 BCX0\">. Ko pa <\/span><span class=\"NormalTextRun SpellingErrorV2Themed SCXW193903382 BCX0\">gre<\/span><span class=\"NormalTextRun SCXW193903382 BCX0\"> za <\/span><span class=\"NormalTextRun SpellingErrorV2Themed SCXW193903382 BCX0\">pripravo<\/span> <span class=\"NormalTextRun SpellingErrorV2Themed SCXW193903382 BCX0\">kon\u010dne<\/span> <span class=\"NormalTextRun SpellingErrorV2Themed SCXW193903382 BCX0\">ponudbe<\/span><span class=\"NormalTextRun SCXW193903382 BCX0\"> za <\/span><span class=\"NormalTextRun SpellingErrorV2Themed SCXW193903382 BCX0\">kon\u010dne<\/span> <span class=\"NormalTextRun SpellingErrorV2Themed SCXW193903382 BCX0\">kupce<\/span><span class=\"NormalTextRun SCXW193903382 BCX0\">, se <\/span><span class=\"NormalTextRun SpellingErrorV2Themed SCXW193903382 BCX0\">na\u0161i<\/span> <span class=\"NormalTextRun SpellingErrorV2Themed SCXW193903382 BCX0\">naro\u010dniki<\/span> <span class=\"NormalTextRun SpellingErrorV2Themed SCXW193903382 BCX0\">soo\u010dajo<\/span><span class=\"NormalTextRun SCXW193903382 BCX0\"> z <\/span><span class=\"NormalTextRun SpellingErrorV2Themed SCXW193903382 BCX0\">naslednjimi<\/span> <span class=\"NormalTextRun SpellingErrorV2Themed SCXW193903382 BCX0\">koraki<\/span><span class=\"NormalTextRun SCXW193903382 BCX0\">.<\/span><\/span><span class=\"EOP SCXW193903382 BCX0\" data-ccp-props=\"{&quot;134233117&quot;:false,&quot;134233118&quot;:false,&quot;335559738&quot;:240,&quot;335559739&quot;:240}\">\u00a0<\/span><\/p>\t\t\t\t\t\t\t\t<\/div>\n\t\t\t\t\t<\/div>\n\t\t\t\t<\/div>\n\t\t<div class=\"elementor-element elementor-element-1850083 e-flex e-con-boxed e-con e-parent\" data-id=\"1850083\" data-element_type=\"container\" data-settings=\"{&quot;wdb_enable_cursor_hover_effect_text&quot;:&quot;View&quot;,&quot;background_background&quot;:&quot;classic&quot;}\">\n\t\t\t\t\t<div class=\"e-con-inner\">\n\t\t<div class=\"elementor-element elementor-element-a48d05f e-con-full e-flex e-con e-child\" data-id=\"a48d05f\" data-element_type=\"container\" data-settings=\"{&quot;wdb_enable_cursor_hover_effect_text&quot;:&quot;View&quot;}\">\n\t\t<div class=\"elementor-element elementor-element-714e439 e-con-full e-flex elementor-invisible e-con e-child\" data-id=\"714e439\" data-element_type=\"container\" data-settings=\"{&quot;wdb_enable_cursor_hover_effect_text&quot;:&quot;View&quot;,&quot;background_background&quot;:&quot;classic&quot;,&quot;animation&quot;:&quot;fadeInUp&quot;}\">\n\t\t\t\t<div class=\"elementor-element elementor-element-28da6ff elementor-widget elementor-widget-image\" data-id=\"28da6ff\" data-element_type=\"widget\" data-widget_type=\"image.default\">\n\t\t\t\t\t\t\t\t\t\t\t\t\t\t\t<img fetchpriority=\"high\" decoding=\"async\" width=\"1073\" height=\"637\" src=\"https:\/\/winteh.si\/wp-content\/uploads\/2025\/07\/1.webp\" class=\"attachment-full size-full wp-image-5582\" alt=\"\" srcset=\"https:\/\/winteh.si\/wp-content\/uploads\/2025\/07\/1.webp 1073w, https:\/\/winteh.si\/wp-content\/uploads\/2025\/07\/1-300x178.webp 300w, https:\/\/winteh.si\/wp-content\/uploads\/2025\/07\/1-1024x608.webp 1024w, https:\/\/winteh.si\/wp-content\/uploads\/2025\/07\/1-768x456.webp 768w, https:\/\/winteh.si\/wp-content\/uploads\/2025\/07\/1-18x12.webp 18w, https:\/\/winteh.si\/wp-content\/uploads\/2025\/07\/1-710x422.webp 710w\" sizes=\"(max-width: 1073px) 100vw, 1073px\" \/>\t\t\t\t\t\t\t\t\t\t\t\t\t\t\t<\/div>\n\t\t\t\t<\/div>\n\t\t<div class=\"elementor-element elementor-element-6f32b66 e-con-full e-flex elementor-invisible e-con e-child\" data-id=\"6f32b66\" data-element_type=\"container\" data-settings=\"{&quot;wdb_enable_cursor_hover_effect_text&quot;:&quot;View&quot;,&quot;animation&quot;:&quot;fadeInUp&quot;,&quot;animation_delay&quot;:0}\">\n\t\t\t\t<div class=\"elementor-element elementor-element-d3be472 elementor-icon-list--layout-traditional elementor-list-item-link-full_width elementor-widget elementor-widget-icon-list\" data-id=\"d3be472\" data-element_type=\"widget\" data-widget_type=\"icon-list.default\">\n\t\t\t\t\t\t\t<ul class=\"elementor-icon-list-items\">\n\t\t\t\t\t\t\t<li class=\"elementor-icon-list-item\">\n\t\t\t\t\t\t\t\t\t\t<span class=\"elementor-icon-list-text\">1.<\/span>\n\t\t\t\t\t\t\t\t\t<\/li>\n\t\t\t\t\t\t<\/ul>\n\t\t\t\t\t\t<\/div>\n\t\t\t\t<div class=\"elementor-element elementor-element-70afe19 elementor-widget elementor-widget-heading\" data-id=\"70afe19\" data-element_type=\"widget\" data-widget_type=\"heading.default\">\n\t\t\t\t\t<h2 class=\"elementor-heading-title elementor-size-default\">Potreba po novih oknih, vratih in dodatkih po meri<\/h2>\t\t\t\t<\/div>\n\t\t\t\t<div class=\"elementor-element elementor-element-504731e elementor-widget-mobile__width-inherit elementor-widget elementor-widget-text-editor\" data-id=\"504731e\" data-element_type=\"widget\" data-widget_type=\"text-editor.default\">\n\t\t\t\t\t\t\t\t\t<p>Z opremljanjem novega doma ali poslovnega prostora se va\u0161i kon\u010dni kupci soo\u010dajo s \u0161tevilnimi odlo\u010ditvami pri izbiri zunanjih vrat, oken, rolet, \u017ealuzij in vseh drugih dodatkov.\u00a0<\/p>\t\t\t\t\t\t\t\t<\/div>\n\t\t\t\t<\/div>\n\t\t\t\t<\/div>\n\t\t<div class=\"elementor-element elementor-element-3540a80 e-con-full e-flex e-con e-child\" data-id=\"3540a80\" data-element_type=\"container\" data-settings=\"{&quot;wdb_enable_cursor_hover_effect_text&quot;:&quot;View&quot;}\">\n\t\t<div class=\"elementor-element elementor-element-5033f58 e-con-full e-flex elementor-invisible e-con e-child\" data-id=\"5033f58\" data-element_type=\"container\" data-settings=\"{&quot;wdb_enable_cursor_hover_effect_text&quot;:&quot;View&quot;,&quot;background_background&quot;:&quot;classic&quot;,&quot;animation&quot;:&quot;fadeInUp&quot;}\">\n\t\t\t\t<div class=\"elementor-element elementor-element-5ef6267 elementor-widget elementor-widget-image\" data-id=\"5ef6267\" data-element_type=\"widget\" data-widget_type=\"image.default\">\n\t\t\t\t\t\t\t\t\t\t\t\t\t\t\t<img decoding=\"async\" width=\"996\" height=\"732\" src=\"https:\/\/winteh.si\/wp-content\/uploads\/2025\/07\/home-1-copy.webp\" class=\"attachment-full size-full wp-image-5714\" alt=\"\" srcset=\"https:\/\/winteh.si\/wp-content\/uploads\/2025\/07\/home-1-copy.webp 996w, https:\/\/winteh.si\/wp-content\/uploads\/2025\/07\/home-1-copy-300x220.webp 300w, https:\/\/winteh.si\/wp-content\/uploads\/2025\/07\/home-1-copy-768x564.webp 768w, https:\/\/winteh.si\/wp-content\/uploads\/2025\/07\/home-1-copy-16x12.webp 16w, https:\/\/winteh.si\/wp-content\/uploads\/2025\/07\/home-1-copy-710x522.webp 710w\" sizes=\"(max-width: 996px) 100vw, 996px\" \/>\t\t\t\t\t\t\t\t\t\t\t\t\t\t\t<\/div>\n\t\t\t\t<\/div>\n\t\t<div class=\"elementor-element elementor-element-624244d e-con-full e-flex elementor-invisible e-con e-child\" data-id=\"624244d\" data-element_type=\"container\" data-settings=\"{&quot;wdb_enable_cursor_hover_effect_text&quot;:&quot;View&quot;,&quot;animation&quot;:&quot;fadeInUp&quot;,&quot;animation_delay&quot;:0}\">\n\t\t\t\t<div class=\"elementor-element elementor-element-150d165 elementor-icon-list--layout-traditional elementor-list-item-link-full_width elementor-widget elementor-widget-icon-list\" data-id=\"150d165\" data-element_type=\"widget\" data-widget_type=\"icon-list.default\">\n\t\t\t\t\t\t\t<ul class=\"elementor-icon-list-items\">\n\t\t\t\t\t\t\t<li class=\"elementor-icon-list-item\">\n\t\t\t\t\t\t\t\t\t\t<span class=\"elementor-icon-list-text\">2.<\/span>\n\t\t\t\t\t\t\t\t\t<\/li>\n\t\t\t\t\t\t<\/ul>\n\t\t\t\t\t\t<\/div>\n\t\t\t\t<div class=\"elementor-element elementor-element-e2a6fb2 elementor-widget elementor-widget-heading\" data-id=\"e2a6fb2\" data-element_type=\"widget\" data-widget_type=\"heading.default\">\n\t\t\t\t\t<h2 class=\"elementor-heading-title elementor-size-default\">Konfiguracija \u017eelenega dizajna in elektronsko po\u0161iljanje povpra\u0161evanja za ponudbo<\/h2>\t\t\t\t<\/div>\n\t\t\t\t<div class=\"elementor-element elementor-element-e9d7d43 elementor-widget-mobile__width-inherit elementor-widget elementor-widget-text-editor\" data-id=\"e9d7d43\" data-element_type=\"widget\" data-widget_type=\"text-editor.default\">\n\t\t\t\t\t\t\t\t\t<p>Z uporabo spletnega konfiguratorja za stavbno pohi\u0161tvo dobite mo\u017enost predstavitve celotnega asortimana svojim kon\u010dnim kupcem. Z nekaj kliki lahko stranke kombinirajo va\u0161e izdelke in ustvarijo svoj \u017eeleni dizajn, ki ga nato enostavno po\u0161ljejo va\u0161im komercialistom.\u00a0<\/p>\t\t\t\t\t\t\t\t<\/div>\n\t\t\t\t<\/div>\n\t\t\t\t<\/div>\n\t\t<div class=\"elementor-element elementor-element-96be3f7 e-con-full e-flex e-con e-child\" data-id=\"96be3f7\" data-element_type=\"container\" data-settings=\"{&quot;wdb_enable_cursor_hover_effect_text&quot;:&quot;View&quot;}\">\n\t\t<div class=\"elementor-element elementor-element-e9dc1b6 e-con-full e-flex elementor-invisible e-con e-child\" data-id=\"e9dc1b6\" data-element_type=\"container\" data-settings=\"{&quot;wdb_enable_cursor_hover_effect_text&quot;:&quot;View&quot;,&quot;background_background&quot;:&quot;classic&quot;,&quot;animation&quot;:&quot;fadeInUp&quot;}\">\n\t\t\t\t<div class=\"elementor-element elementor-element-65a7743 elementor-widget elementor-widget-image\" data-id=\"65a7743\" data-element_type=\"widget\" data-widget_type=\"image.default\">\n\t\t\t\t\t\t\t\t\t\t\t\t\t\t\t<img decoding=\"async\" width=\"2082\" height=\"805\" src=\"https:\/\/winteh.si\/wp-content\/uploads\/2025\/07\/webapp-1.webp\" class=\"attachment-full size-full wp-image-5538\" alt=\"\" srcset=\"https:\/\/winteh.si\/wp-content\/uploads\/2025\/07\/webapp-1.webp 2082w, https:\/\/winteh.si\/wp-content\/uploads\/2025\/07\/webapp-1-300x116.webp 300w, https:\/\/winteh.si\/wp-content\/uploads\/2025\/07\/webapp-1-1024x396.webp 1024w, https:\/\/winteh.si\/wp-content\/uploads\/2025\/07\/webapp-1-768x297.webp 768w, https:\/\/winteh.si\/wp-content\/uploads\/2025\/07\/webapp-1-1536x594.webp 1536w, https:\/\/winteh.si\/wp-content\/uploads\/2025\/07\/webapp-1-2048x792.webp 2048w, https:\/\/winteh.si\/wp-content\/uploads\/2025\/07\/webapp-1-18x7.webp 18w, https:\/\/winteh.si\/wp-content\/uploads\/2025\/07\/webapp-1-710x275.webp 710w\" sizes=\"(max-width: 2082px) 100vw, 2082px\" \/>\t\t\t\t\t\t\t\t\t\t\t\t\t\t\t<\/div>\n\t\t\t\t<\/div>\n\t\t<div class=\"elementor-element elementor-element-893fd80 e-con-full e-flex elementor-invisible e-con e-child\" data-id=\"893fd80\" data-element_type=\"container\" data-settings=\"{&quot;wdb_enable_cursor_hover_effect_text&quot;:&quot;View&quot;,&quot;animation&quot;:&quot;fadeInUp&quot;,&quot;animation_delay&quot;:0}\">\n\t\t\t\t<div class=\"elementor-element elementor-element-08142bc elementor-icon-list--layout-traditional elementor-list-item-link-full_width elementor-widget elementor-widget-icon-list\" data-id=\"08142bc\" data-element_type=\"widget\" data-widget_type=\"icon-list.default\">\n\t\t\t\t\t\t\t<ul class=\"elementor-icon-list-items\">\n\t\t\t\t\t\t\t<li class=\"elementor-icon-list-item\">\n\t\t\t\t\t\t\t\t\t\t<span class=\"elementor-icon-list-text\">3.<\/span>\n\t\t\t\t\t\t\t\t\t<\/li>\n\t\t\t\t\t\t<\/ul>\n\t\t\t\t\t\t<\/div>\n\t\t\t\t<div class=\"elementor-element elementor-element-687c23d elementor-widget elementor-widget-heading\" data-id=\"687c23d\" data-element_type=\"widget\" data-widget_type=\"heading.default\">\n\t\t\t\t\t<h2 class=\"elementor-heading-title elementor-size-default\">Pretvorba podatkov v informativno ponudbo<\/h2>\t\t\t\t<\/div>\n\t\t\t\t<div class=\"elementor-element elementor-element-7e4fd03 elementor-widget-mobile__width-inherit elementor-widget elementor-widget-text-editor\" data-id=\"7e4fd03\" data-element_type=\"widget\" data-widget_type=\"text-editor.default\">\n\t\t\t\t\t\t\t\t\t<p>Z uporabo spletnega konfiguratorja za stavbno pohi\u0161tvo dobite mo\u017enost predstavitve celotnega asortimana svojim kon\u010dnim kupcem. Z nekaj kliki lahko stranke kombinirajo va\u0161e izdelke in ustvarijo svoj \u017eeleni dizajn, ki ga nato enostavno po\u0161ljejo va\u0161im komercialistom.\u00a0<\/p>\t\t\t\t\t\t\t\t<\/div>\n\t\t\t\t<\/div>\n\t\t\t\t<\/div>\n\t\t<div class=\"elementor-element elementor-element-89fc1d8 e-con-full e-flex e-con e-child\" data-id=\"89fc1d8\" data-element_type=\"container\" data-settings=\"{&quot;wdb_enable_cursor_hover_effect_text&quot;:&quot;View&quot;}\">\n\t\t<div class=\"elementor-element elementor-element-6c6a234 e-con-full e-flex elementor-invisible e-con e-child\" data-id=\"6c6a234\" data-element_type=\"container\" data-settings=\"{&quot;wdb_enable_cursor_hover_effect_text&quot;:&quot;View&quot;,&quot;background_background&quot;:&quot;classic&quot;,&quot;animation&quot;:&quot;fadeInUp&quot;}\">\n\t\t\t\t<div class=\"elementor-element elementor-element-4d0d435 elementor-widget elementor-widget-image\" data-id=\"4d0d435\" data-element_type=\"widget\" data-widget_type=\"image.default\">\n\t\t\t\t\t\t\t\t\t\t\t\t\t\t\t<img loading=\"lazy\" decoding=\"async\" width=\"926\" height=\"620\" src=\"https:\/\/winteh.si\/wp-content\/uploads\/2025\/07\/home-8-e1753165394193.webp\" class=\"attachment-full size-full wp-image-5530\" alt=\"\" srcset=\"https:\/\/winteh.si\/wp-content\/uploads\/2025\/07\/home-8-e1753165394193.webp 926w, https:\/\/winteh.si\/wp-content\/uploads\/2025\/07\/home-8-e1753165394193-300x201.webp 300w, https:\/\/winteh.si\/wp-content\/uploads\/2025\/07\/home-8-e1753165394193-768x514.webp 768w, https:\/\/winteh.si\/wp-content\/uploads\/2025\/07\/home-8-e1753165394193-18x12.webp 18w, https:\/\/winteh.si\/wp-content\/uploads\/2025\/07\/home-8-e1753165394193-710x475.webp 710w\" sizes=\"(max-width: 926px) 100vw, 926px\" \/>\t\t\t\t\t\t\t\t\t\t\t\t\t\t\t<\/div>\n\t\t\t\t<\/div>\n\t\t<div class=\"elementor-element elementor-element-6992f49 e-con-full e-flex elementor-invisible e-con e-child\" data-id=\"6992f49\" data-element_type=\"container\" data-settings=\"{&quot;wdb_enable_cursor_hover_effect_text&quot;:&quot;View&quot;,&quot;animation&quot;:&quot;fadeInUp&quot;,&quot;animation_delay&quot;:0}\">\n\t\t\t\t<div class=\"elementor-element elementor-element-bb1b153 elementor-icon-list--layout-traditional elementor-list-item-link-full_width elementor-widget elementor-widget-icon-list\" data-id=\"bb1b153\" data-element_type=\"widget\" data-widget_type=\"icon-list.default\">\n\t\t\t\t\t\t\t<ul class=\"elementor-icon-list-items\">\n\t\t\t\t\t\t\t<li class=\"elementor-icon-list-item\">\n\t\t\t\t\t\t\t\t\t\t<span class=\"elementor-icon-list-text\">4.<\/span>\n\t\t\t\t\t\t\t\t\t<\/li>\n\t\t\t\t\t\t<\/ul>\n\t\t\t\t\t\t<\/div>\n\t\t\t\t<div class=\"elementor-element elementor-element-3e136fd elementor-widget elementor-widget-heading\" data-id=\"3e136fd\" data-element_type=\"widget\" data-widget_type=\"heading.default\">\n\t\t\t\t\t<h2 class=\"elementor-heading-title elementor-size-default\">Prilagoditev ponudbe z vnosom natan\u010dnih mer<\/h2>\t\t\t\t<\/div>\n\t\t\t\t<div class=\"elementor-element elementor-element-211a994 elementor-widget-mobile__width-inherit elementor-widget elementor-widget-text-editor\" data-id=\"211a994\" data-element_type=\"widget\" data-widget_type=\"text-editor.default\">\n\t\t\t\t\t\t\t\t\t<p>Za pripravo kon\u010dne ponudbe je treba na terenu izmeriti natan\u010dne mere oken, vrat, in dodatkov. S pomo\u010djo terenske mobilne re\u0161itve va\u0161i merilci vnesejo vse podatke in dodatne specifikacije, ki jih pridobijo na izmeri, ter tako prilagodijo informativno ponudbo.\u00a0<\/p>\t\t\t\t\t\t\t\t<\/div>\n\t\t\t\t<\/div>\n\t\t\t\t<\/div>\n\t\t<div class=\"elementor-element elementor-element-fdbe157 e-con-full e-flex e-con e-child\" data-id=\"fdbe157\" data-element_type=\"container\" data-settings=\"{&quot;wdb_enable_cursor_hover_effect_text&quot;:&quot;View&quot;}\">\n\t\t<div class=\"elementor-element elementor-element-b24f273 e-con-full e-flex elementor-invisible e-con e-child\" data-id=\"b24f273\" data-element_type=\"container\" data-settings=\"{&quot;wdb_enable_cursor_hover_effect_text&quot;:&quot;View&quot;,&quot;background_background&quot;:&quot;classic&quot;,&quot;animation&quot;:&quot;fadeInUp&quot;}\">\n\t\t\t\t<div class=\"elementor-element elementor-element-5c40502 elementor-widget elementor-widget-image\" data-id=\"5c40502\" data-element_type=\"widget\" data-widget_type=\"image.default\">\n\t\t\t\t\t\t\t\t\t\t\t\t\t\t\t<img loading=\"lazy\" decoding=\"async\" width=\"1847\" height=\"1279\" src=\"https:\/\/winteh.si\/wp-content\/uploads\/2025\/07\/5.webp\" class=\"attachment-full size-full wp-image-5586\" alt=\"\" srcset=\"https:\/\/winteh.si\/wp-content\/uploads\/2025\/07\/5.webp 1847w, https:\/\/winteh.si\/wp-content\/uploads\/2025\/07\/5-300x208.webp 300w, https:\/\/winteh.si\/wp-content\/uploads\/2025\/07\/5-1024x709.webp 1024w, https:\/\/winteh.si\/wp-content\/uploads\/2025\/07\/5-768x532.webp 768w, https:\/\/winteh.si\/wp-content\/uploads\/2025\/07\/5-1536x1064.webp 1536w, https:\/\/winteh.si\/wp-content\/uploads\/2025\/07\/5-18x12.webp 18w, https:\/\/winteh.si\/wp-content\/uploads\/2025\/07\/5-710x492.webp 710w\" sizes=\"(max-width: 1847px) 100vw, 1847px\" \/>\t\t\t\t\t\t\t\t\t\t\t\t\t\t\t<\/div>\n\t\t\t\t<\/div>\n\t\t<div class=\"elementor-element elementor-element-c21f4e5 e-con-full e-flex elementor-invisible e-con e-child\" data-id=\"c21f4e5\" data-element_type=\"container\" data-settings=\"{&quot;wdb_enable_cursor_hover_effect_text&quot;:&quot;View&quot;,&quot;animation&quot;:&quot;fadeInUp&quot;,&quot;animation_delay&quot;:0}\">\n\t\t\t\t<div class=\"elementor-element elementor-element-3421eb5 elementor-icon-list--layout-traditional elementor-list-item-link-full_width elementor-widget elementor-widget-icon-list\" data-id=\"3421eb5\" data-element_type=\"widget\" data-widget_type=\"icon-list.default\">\n\t\t\t\t\t\t\t<ul class=\"elementor-icon-list-items\">\n\t\t\t\t\t\t\t<li class=\"elementor-icon-list-item\">\n\t\t\t\t\t\t\t\t\t\t<span class=\"elementor-icon-list-text\">5.<\/span>\n\t\t\t\t\t\t\t\t\t<\/li>\n\t\t\t\t\t\t<\/ul>\n\t\t\t\t\t\t<\/div>\n\t\t\t\t<div class=\"elementor-element elementor-element-afb390b elementor-widget elementor-widget-heading\" data-id=\"afb390b\" data-element_type=\"widget\" data-widget_type=\"heading.default\">\n\t\t\t\t\t<h2 class=\"elementor-heading-title elementor-size-default\">Priprava kon\u010dne ponudbe<\/h2>\t\t\t\t<\/div>\n\t\t\t\t<div class=\"elementor-element elementor-element-7cb271c elementor-widget-mobile__width-inherit elementor-widget elementor-widget-text-editor\" data-id=\"7cb271c\" data-element_type=\"widget\" data-widget_type=\"text-editor.default\">\n\t\t\t\t\t\t\t\t\t<p>Z vnosom vseh podatkov v terensko re\u0161itev za izmero lahko merilci elektronsko po\u0161ljejo kon\u010dne ponudbe strankam z natan\u010dno izra\u010dunanimi cenami.\u00a0<\/p>\t\t\t\t\t\t\t\t<\/div>\n\t\t\t\t<\/div>\n\t\t\t\t<\/div>\n\t\t\t\t\t<\/div>\n\t\t\t\t<\/div>\n\t\t<div class=\"elementor-element elementor-element-c0b5c30 e-flex e-con-boxed e-con e-parent\" data-id=\"c0b5c30\" data-element_type=\"container\" data-settings=\"{&quot;wdb_enable_cursor_hover_effect_text&quot;:&quot;View&quot;,&quot;background_background&quot;:&quot;classic&quot;}\">\n\t\t\t\t\t<div class=\"e-con-inner\">\n\t\t\t\t<div class=\"elementor-element elementor-element-d708b64 elementor-widget elementor-widget-heading\" data-id=\"d708b64\" data-element_type=\"widget\" data-widget_type=\"heading.default\">\n\t\t\t\t\t<h2 class=\"elementor-heading-title elementor-size-default\">Optimizirajte svoj prodajni postopek<\/h2>\t\t\t\t<\/div>\n\t\t\t\t<div class=\"elementor-element elementor-element-3d61c41 elementor-widget__width-initial elementor-widget-mobile__width-inherit elementor-widget elementor-widget-text-editor\" data-id=\"3d61c41\" data-element_type=\"widget\" data-widget_type=\"text-editor.default\">\n\t\t\t\t\t\t\t\t\t<p>Z digitalizacijo postopka priprave ponudb za kupce poenostavite delo va\u0161ih komercialistov, merilcev in podpornega osebja.<\/p><p>Z uporabo konfiguratorja, povezave s komercialno re\u0161itvijo ter mobilne aplikacije za izmere omogo\u010dite hitrej\u0161o, natan\u010dnej\u0161o in profesionalno komunikacijo s kupci \u2013 od prvega povpra\u0161evanja do kon\u010dne ponudbe.<\/p>\t\t\t\t\t\t\t\t<\/div>\n\t\t\t\t<div class=\"elementor-element elementor-element-4b74df7 elementor-widget elementor-widget-heading\" data-id=\"4b74df7\" data-element_type=\"widget\" data-widget_type=\"heading.default\">\n\t\t\t\t\t<h5 class=\"elementor-heading-title elementor-size-default\">Rezultat? Ve\u010dja u\u010dinkovitost, manj napak, hitrej\u0161e zapiranje prodaj in bolj\u0161a uporabni\u0161ka izku\u0161nja.<\/h5>\t\t\t\t<\/div>\n\t\t\t\t<div class=\"elementor-element elementor-element-02bd323 elementor-widget__width-initial elementor-widget-tablet__width-auto elementor-widget-mobile__width-initial elementor-widget elementor-widget-wdb--button\" data-id=\"02bd323\" data-element_type=\"widget\" data-widget_type=\"wdb--button.default\">\n\t\t\t\t<div class=\"elementor-widget-container\">\n\t\t\t\t\t        <div class=\"wdb__btn\">\r\n\t\t\t                <a href=\"\/hr\/kontakt\/\" class=\"wdb-btn-default btn-rollover-left\">\r\n\t\t\t\t\t\t\t\t\t\tKontaktirajte nas ->                <\/a>\r\n\t\t\t\t        <\/div>\r\n\t\t\t\t\t\t<\/div>\n\t\t\t\t<\/div>\n\t\t\t\t\t<\/div>\n\t\t\t\t<\/div>\n\t\t\t\t<\/div>","protected":false},"excerpt":{"rendered":"<p>Postopek priprave ponudbe za kon\u010dne kupce Na\u0161e delovne izku\u0161nje ka\u017eejo, da imajo proizvajalci in distributerji stavbnega\u00a0pohi\u0161tva razli\u010dne poslovne procese. Ko pa gre za pripravo kon\u010dne ponudbe za kon\u010dne kupce, se na\u0161i naro\u010dniki soo\u010dajo z naslednjimi koraki.\u00a0 1. Potreba po novih oknih, vratih in dodatkih po meri Z opremljanjem novega doma ali poslovnega prostora se va\u0161i [&hellip;]<\/p>","protected":false},"author":1,"featured_media":0,"parent":5384,"menu_order":0,"comment_status":"closed","ping_status":"closed","template":"elementor_header_footer","meta":{"inline_featured_image":false,"footnotes":""},"class_list":["post-857","page","type-page","status-publish","hentry"],"_links":{"self":[{"href":"https:\/\/winteh.si\/hr\/wp-json\/wp\/v2\/pages\/857","targetHints":{"allow":["GET"]}}],"collection":[{"href":"https:\/\/winteh.si\/hr\/wp-json\/wp\/v2\/pages"}],"about":[{"href":"https:\/\/winteh.si\/hr\/wp-json\/wp\/v2\/types\/page"}],"author":[{"embeddable":true,"href":"https:\/\/winteh.si\/hr\/wp-json\/wp\/v2\/users\/1"}],"replies":[{"embeddable":true,"href":"https:\/\/winteh.si\/hr\/wp-json\/wp\/v2\/comments?post=857"}],"version-history":[{"count":102,"href":"https:\/\/winteh.si\/hr\/wp-json\/wp\/v2\/pages\/857\/revisions"}],"predecessor-version":[{"id":5760,"href":"https:\/\/winteh.si\/hr\/wp-json\/wp\/v2\/pages\/857\/revisions\/5760"}],"up":[{"embeddable":true,"href":"https:\/\/winteh.si\/hr\/wp-json\/wp\/v2\/pages\/5384"}],"wp:attachment":[{"href":"https:\/\/winteh.si\/hr\/wp-json\/wp\/v2\/media?parent=857"}],"curies":[{"name":"wp","href":"https:\/\/api.w.org\/{rel}","templated":true}]}}